{"id":329,"date":"2023-08-16T16:46:06","date_gmt":"2023-08-16T14:46:06","guid":{"rendered":"https:\/\/domekjurgow406.pl\/?page_id=329"},"modified":"2023-09-10T12:19:51","modified_gmt":"2023-09-10T10:19:51","slug":"atrakcje","status":"publish","type":"page","link":"https:\/\/domekjurgow406.pl\/index.php\/atrakcje\/","title":{"rendered":"Atrakcje"},"content":{"rendered":"\t\t<div data-elementor-type=\"wp-page\" data-elementor-id=\"329\" class=\"elementor elementor-329\">\n\t\t\t\t\t\t\t\t\t<section class=\"elementor-section elementor-top-section elementor-element elementor-element-b66a4ea elementor-section-boxed elementor-section-height-default elementor-section-height-default\" data-id=\"b66a4ea\" data-element_type=\"section\">\n\t\t\t\t\t\t<div class=\"elementor-container elementor-column-gap-default\">\n\t\t\t\t\t<div class=\"elementor-column elementor-col-100 elementor-top-column elementor-element elementor-element-4f6f7ad\" data-id=\"4f6f7ad\" data-element_type=\"column\">\n\t\t\t<div class=\"elementor-widget-wrap elementor-element-populated\">\n\t\t\t\t\t\t\t\t<div class=\"elementor-element elementor-element-8af3359 elementor-invisible elementor-widget elementor-widget-text-editor\" data-id=\"8af3359\" data-element_type=\"widget\" data-settings=\"{&quot;_animation&quot;:&quot;fadeInLeft&quot;}\" data-widget_type=\"text-editor.default\">\n\t\t\t\t<div class=\"elementor-widget-container\">\n\t\t\t<style>\/*! elementor - v3.15.0 - 20-08-2023 *\/\n.elementor-widget-text-editor.elementor-drop-cap-view-stacked .elementor-drop-cap{background-color:#69727d;color:#fff}.elementor-widget-text-editor.elementor-drop-cap-view-framed .elementor-drop-cap{color:#69727d;border:3px solid;background-color:transparent}.elementor-widget-text-editor:not(.elementor-drop-cap-view-default) .elementor-drop-cap{margin-top:8px}.elementor-widget-text-editor:not(.elementor-drop-cap-view-default) .elementor-drop-cap-letter{width:1em;height:1em}.elementor-widget-text-editor .elementor-drop-cap{float:left;text-align:center;line-height:1;font-size:50px}.elementor-widget-text-editor .elementor-drop-cap-letter{display:inline-block}<\/style>\t\t\t\t<p><strong><span style=\"font-size: x-large;\">1. Ruska bania<\/span><\/strong><br>\n<br><br><strong><span style=\"font-size: x-large;\">&nbsp;<\/span><\/strong>&#8222;Bania&#8221; to rosyjskie s\u0142owo oznaczaj\u0105ce \u0142a\u017ani\u0119 lub saun\u0119. W Rosji kultura bania ma g\u0142\u0119bokie korzenie i stanowi wa\u017cny element \u017cycia codziennego oraz tradycji. Wn\u0119trze bani jest zazwyczaj wykonane z drewna, co tworzy przytuln\u0105 i naturaln\u0105 atmosfer\u0119.&nbsp; Po serii sesji w bani, ludzie zazwyczaj odpoczywaj\u0105 na \u015bwie\u017cym powietrzu lub w specjalnej cz\u0119\u015bci bani. To jest czas na regeneracj\u0119 i relaks. Bania jest r\u00f3wnie\u017c miejscem spo\u0142ecznego spotkania, gdzie ludzie mog\u0105 rozmawia\u0107, dzieli\u0107 si\u0119 do\u015bwiadczeniami i sp\u0119dza\u0107 czas z rodzin\u0105 i przyjaci\u00f3\u0142mi.<\/p>\t\t\t\t\t\t<\/div>\n\t\t\t\t<\/div>\n\t\t\t\t<div class=\"elementor-element elementor-element-a9b0aa6 elementor-arrows-position-inside elementor-pagination-position-outside elementor-invisible elementor-widget elementor-widget-image-carousel\" data-id=\"a9b0aa6\" data-element_type=\"widget\" data-settings=\"{&quot;_animation&quot;:&quot;fadeInLeft&quot;,&quot;navigation&quot;:&quot;both&quot;,&quot;autoplay&quot;:&quot;yes&quot;,&quot;pause_on_hover&quot;:&quot;yes&quot;,&quot;pause_on_interaction&quot;:&quot;yes&quot;,&quot;autoplay_speed&quot;:5000,&quot;infinite&quot;:&quot;yes&quot;,&quot;speed&quot;:500}\" data-widget_type=\"image-carousel.default\">\n\t\t\t\t<div class=\"elementor-widget-container\">\n\t\t\t<style>\/*! elementor - v3.15.0 - 20-08-2023 *\/\n.elementor-widget-image-carousel .swiper,.elementor-widget-image-carousel .swiper-container{position:static}.elementor-widget-image-carousel .swiper-container .swiper-slide figure,.elementor-widget-image-carousel .swiper .swiper-slide figure{line-height:inherit}.elementor-widget-image-carousel .swiper-slide{text-align:center}.elementor-image-carousel-wrapper:not(.swiper-container-initialized):not(.swiper-initialized) .swiper-slide{max-width:calc(100% \/ var(--e-image-carousel-slides-to-show, 3))}<\/style>\t\t<div class=\"elementor-image-carousel-wrapper swiper\" dir=\"ltr\">\n\t\t\t<div class=\"elementor-image-carousel swiper-wrapper\" aria-live=\"off\">\n\t\t\t\t\t\t\t\t<div class=\"swiper-slide\" role=\"group\" aria-roledescription=\"slide\" aria-label=\"1 of 5\"><figure class=\"swiper-slide-inner\"><img decoding=\"async\" class=\"swiper-slide-image\" src=\"https:\/\/domekjurgow406.pl\/wp-content\/uploads\/2023\/09\/346130723_4212672915623484_4562899590960276870_n-320x200.jpg\" alt=\"346130723_4212672915623484_4562899590960276870_n\" \/><\/figure><\/div><div class=\"swiper-slide\" role=\"group\" aria-roledescription=\"slide\" aria-label=\"2 of 5\"><figure class=\"swiper-slide-inner\"><img decoding=\"async\" class=\"swiper-slide-image\" src=\"https:\/\/domekjurgow406.pl\/wp-content\/uploads\/2023\/08\/Domek-113-320x200.jpg\" alt=\"Domek-113\" \/><\/figure><\/div><div class=\"swiper-slide\" role=\"group\" aria-roledescription=\"slide\" aria-label=\"3 of 5\"><figure class=\"swiper-slide-inner\"><img decoding=\"async\" class=\"swiper-slide-image\" src=\"https:\/\/domekjurgow406.pl\/wp-content\/uploads\/2023\/08\/Domek-111-320x200.jpg\" alt=\"Domek-111\" \/><\/figure><\/div><div class=\"swiper-slide\" role=\"group\" aria-roledescription=\"slide\" aria-label=\"4 of 5\"><figure class=\"swiper-slide-inner\"><img decoding=\"async\" class=\"swiper-slide-image\" src=\"https:\/\/domekjurgow406.pl\/wp-content\/uploads\/2023\/08\/Domek-112-320x200.jpg\" alt=\"Domek-112\" \/><\/figure><\/div><div class=\"swiper-slide\" role=\"group\" aria-roledescription=\"slide\" aria-label=\"5 of 5\"><figure class=\"swiper-slide-inner\"><img decoding=\"async\" class=\"swiper-slide-image\" src=\"https:\/\/domekjurgow406.pl\/wp-content\/uploads\/2023\/08\/Domek-115-320x200.jpg\" alt=\"Domek-115\" \/><\/figure><\/div>\t\t\t<\/div>\n\t\t\t\t\t\t\t\t\t\t\t\t<div class=\"elementor-swiper-button elementor-swiper-button-prev\" role=\"button\" tabindex=\"0\">\n\t\t\t\t\t\t<i aria-hidden=\"true\" class=\"eicon-chevron-left\"><\/i>\t\t\t\t\t<\/div>\n\t\t\t\t\t<div class=\"elementor-swiper-button elementor-swiper-button-next\" role=\"button\" tabindex=\"0\">\n\t\t\t\t\t\t<i aria-hidden=\"true\" class=\"eicon-chevron-right\"><\/i>\t\t\t\t\t<\/div>\n\t\t\t\t\n\t\t\t\t\t\t\t\t\t<div class=\"swiper-pagination\"><\/div>\n\t\t\t\t\t\t\t\t\t<\/div>\n\t\t\t\t<\/div>\n\t\t\t\t<\/div>\n\t\t\t\t<div class=\"elementor-element elementor-element-bde9ea0 elementor-widget elementor-widget-html\" data-id=\"bde9ea0\" data-element_type=\"widget\" data-widget_type=\"html.default\">\n\t\t\t\t<div class=\"elementor-widget-container\">\n\t\t\t<br><br><br>\t\t<\/div>\n\t\t\t\t<\/div>\n\t\t\t\t\t<\/div>\n\t\t<\/div>\n\t\t\t\t\t\t\t<\/div>\n\t\t<\/section>\n\t\t\t\t<section class=\"elementor-section elementor-top-section elementor-element elementor-element-29825d5 elementor-section-boxed elementor-section-height-default elementor-section-height-default\" data-id=\"29825d5\" data-element_type=\"section\">\n\t\t\t\t\t\t<div class=\"elementor-container elementor-column-gap-default\">\n\t\t\t\t\t<div class=\"elementor-column elementor-col-100 elementor-top-column elementor-element elementor-element-310474d\" data-id=\"310474d\" data-element_type=\"column\">\n\t\t\t<div class=\"elementor-widget-wrap elementor-element-populated\">\n\t\t\t\t\t\t\t\t<div class=\"elementor-element elementor-element-f508d0a elementor-invisible elementor-widget elementor-widget-text-editor\" data-id=\"f508d0a\" data-element_type=\"widget\" data-settings=\"{&quot;_animation&quot;:&quot;fadeInLeft&quot;}\" data-widget_type=\"text-editor.default\">\n\t\t\t\t<div class=\"elementor-widget-container\">\n\t\t\t\t\t\t\t<strong><span style=\"font-size: x-large;\">2. Grill<\/span><\/strong>\n<br><br>\n\nGrill przy domku to wspania\u0142a i popularna cecha, kt\u00f3ra mo\u017ce pe\u0142ni\u0107 rol\u0119 zar\u00f3wno narz\u0119dzia do przygotowywania pysznych posi\u0142k\u00f3w, jak i centrum towarzyskiego \u017cycia na \u015bwie\u017cym powietrzu. Grill przy domku stanowi idealne po\u0142\u0105czenie praktyczno\u015bci, smaku i relaksu. Jest to miejsce, gdzie mo\u017cna cieszy\u0107 si\u0119 kulinarnymi przyjemno\u015bciami oraz sp\u0119dza\u0107 czas z bliskimi, tworz\u0105c wspomnienia i chwile rado\u015bci na \u015bwie\u017cym powietrzu.\t\t\t\t\t\t<\/div>\n\t\t\t\t<\/div>\n\t\t\t\t<div class=\"elementor-element elementor-element-be5a8d8 elementor-arrows-position-inside elementor-pagination-position-outside elementor-invisible elementor-widget elementor-widget-image-carousel\" data-id=\"be5a8d8\" data-element_type=\"widget\" data-settings=\"{&quot;_animation&quot;:&quot;fadeInLeft&quot;,&quot;navigation&quot;:&quot;both&quot;,&quot;autoplay&quot;:&quot;yes&quot;,&quot;pause_on_hover&quot;:&quot;yes&quot;,&quot;pause_on_interaction&quot;:&quot;yes&quot;,&quot;autoplay_speed&quot;:5000,&quot;infinite&quot;:&quot;yes&quot;,&quot;speed&quot;:500,&quot;image_spacing_custom&quot;:{&quot;unit&quot;:&quot;px&quot;,&quot;size&quot;:20,&quot;sizes&quot;:[]},&quot;image_spacing_custom_tablet&quot;:{&quot;unit&quot;:&quot;px&quot;,&quot;size&quot;:&quot;&quot;,&quot;sizes&quot;:[]},&quot;image_spacing_custom_mobile&quot;:{&quot;unit&quot;:&quot;px&quot;,&quot;size&quot;:&quot;&quot;,&quot;sizes&quot;:[]}}\" data-widget_type=\"image-carousel.default\">\n\t\t\t\t<div class=\"elementor-widget-container\">\n\t\t\t\t\t<div class=\"elementor-image-carousel-wrapper swiper\" dir=\"ltr\">\n\t\t\t<div class=\"elementor-image-carousel swiper-wrapper\" aria-live=\"off\">\n\t\t\t\t\t\t\t\t<div class=\"swiper-slide\" role=\"group\" aria-roledescription=\"slide\" aria-label=\"1 of 4\"><figure class=\"swiper-slide-inner\"><img decoding=\"async\" class=\"swiper-slide-image\" src=\"https:\/\/domekjurgow406.pl\/wp-content\/uploads\/2023\/08\/Domek-129-1024x1536.jpg\" alt=\"Domek-129\" \/><\/figure><\/div><div class=\"swiper-slide\" role=\"group\" aria-roledescription=\"slide\" aria-label=\"2 of 4\"><figure class=\"swiper-slide-inner\"><img decoding=\"async\" class=\"swiper-slide-image\" src=\"http:\/\/domekjurgow406.pl\/wp-content\/uploads\/2023\/08\/Domek-127-scaled.jpg\" alt=\"\" \/><\/figure><\/div><div class=\"swiper-slide\" role=\"group\" aria-roledescription=\"slide\" aria-label=\"3 of 4\"><figure class=\"swiper-slide-inner\"><img decoding=\"async\" class=\"swiper-slide-image\" src=\"https:\/\/domekjurgow406.pl\/wp-content\/uploads\/2023\/08\/Domek-123-1024x1536.jpg\" alt=\"Domek-123\" \/><\/figure><\/div><div class=\"swiper-slide\" role=\"group\" aria-roledescription=\"slide\" aria-label=\"4 of 4\"><figure class=\"swiper-slide-inner\"><img decoding=\"async\" class=\"swiper-slide-image\" src=\"https:\/\/domekjurgow406.pl\/wp-content\/uploads\/2023\/08\/Domek-120-1024x1536.jpg\" alt=\"Domek-120\" \/><\/figure><\/div>\t\t\t<\/div>\n\t\t\t\t\t\t\t\t\t\t\t\t<div class=\"elementor-swiper-button elementor-swiper-button-prev\" role=\"button\" tabindex=\"0\">\n\t\t\t\t\t\t<i aria-hidden=\"true\" class=\"eicon-chevron-left\"><\/i>\t\t\t\t\t<\/div>\n\t\t\t\t\t<div class=\"elementor-swiper-button elementor-swiper-button-next\" role=\"button\" tabindex=\"0\">\n\t\t\t\t\t\t<i aria-hidden=\"true\" class=\"eicon-chevron-right\"><\/i>\t\t\t\t\t<\/div>\n\t\t\t\t\n\t\t\t\t\t\t\t\t\t<div class=\"swiper-pagination\"><\/div>\n\t\t\t\t\t\t\t\t\t<\/div>\n\t\t\t\t<\/div>\n\t\t\t\t<\/div>\n\t\t\t\t<div class=\"elementor-element elementor-element-54d6888 elementor-widget elementor-widget-html\" data-id=\"54d6888\" data-element_type=\"widget\" data-widget_type=\"html.default\">\n\t\t\t\t<div class=\"elementor-widget-container\">\n\t\t\t<br><br><br>\t\t<\/div>\n\t\t\t\t<\/div>\n\t\t\t\t\t<\/div>\n\t\t<\/div>\n\t\t\t\t\t\t\t<\/div>\n\t\t<\/section>\n\t\t\t\t<section class=\"elementor-section elementor-top-section elementor-element elementor-element-c65a5ca elementor-section-boxed elementor-section-height-default elementor-section-height-default\" data-id=\"c65a5ca\" data-element_type=\"section\">\n\t\t\t\t\t\t<div class=\"elementor-container elementor-column-gap-default\">\n\t\t\t\t\t<div class=\"elementor-column elementor-col-100 elementor-top-column elementor-element elementor-element-53b8613\" data-id=\"53b8613\" data-element_type=\"column\">\n\t\t\t<div class=\"elementor-widget-wrap elementor-element-populated\">\n\t\t\t\t\t\t\t\t<div class=\"elementor-element elementor-element-dfeeae7 elementor-invisible elementor-widget elementor-widget-text-editor\" data-id=\"dfeeae7\" data-element_type=\"widget\" data-settings=\"{&quot;_animation&quot;:&quot;fadeInLeft&quot;}\" data-widget_type=\"text-editor.default\">\n\t\t\t\t<div class=\"elementor-widget-container\">\n\t\t\t\t\t\t\t<strong><span style=\"font-size: x-large;\">3. Le\u017canki<\/span><\/strong>\n<br><br>\n\nLe\u017canki wisz\u0105ce to wspania\u0142e akcesoria, kt\u00f3re dodaj\u0105 uroku i komfortu otoczeniu domku. Bez wzgl\u0119du na to, czy korzystasz z le\u017canki do wypoczynku czy zabawy, stanowi ona doskona\u0142e uzupe\u0142nienie przestrzeni przy domku, tworz\u0105c spokojne i przyjemne miejsce do odpoczynku. To wyj\u0105tkowe miejsce, kt\u00f3re przyci\u0105ga\u00a0 zapewniaj\u0105c przyjemno\u015b\u0107 z relaksu na \u015bwie\u017cym powietrzu i cieszenia si\u0119 pi\u0119knem natury.\t\t\t\t\t\t<\/div>\n\t\t\t\t<\/div>\n\t\t\t\t<div class=\"elementor-element elementor-element-9443019 elementor-arrows-position-inside elementor-pagination-position-outside elementor-invisible elementor-widget elementor-widget-image-carousel\" data-id=\"9443019\" data-element_type=\"widget\" data-settings=\"{&quot;image_spacing_custom&quot;:{&quot;unit&quot;:&quot;px&quot;,&quot;size&quot;:9,&quot;sizes&quot;:[]},&quot;_animation&quot;:&quot;fadeInLeft&quot;,&quot;navigation&quot;:&quot;both&quot;,&quot;autoplay&quot;:&quot;yes&quot;,&quot;pause_on_hover&quot;:&quot;yes&quot;,&quot;pause_on_interaction&quot;:&quot;yes&quot;,&quot;autoplay_speed&quot;:5000,&quot;infinite&quot;:&quot;yes&quot;,&quot;speed&quot;:500,&quot;image_spacing_custom_tablet&quot;:{&quot;unit&quot;:&quot;px&quot;,&quot;size&quot;:&quot;&quot;,&quot;sizes&quot;:[]},&quot;image_spacing_custom_mobile&quot;:{&quot;unit&quot;:&quot;px&quot;,&quot;size&quot;:&quot;&quot;,&quot;sizes&quot;:[]}}\" data-widget_type=\"image-carousel.default\">\n\t\t\t\t<div class=\"elementor-widget-container\">\n\t\t\t\t\t<div class=\"elementor-image-carousel-wrapper swiper\" dir=\"ltr\">\n\t\t\t<div class=\"elementor-image-carousel swiper-wrapper\" aria-live=\"off\">\n\t\t\t\t\t\t\t\t<div class=\"swiper-slide\" role=\"group\" aria-roledescription=\"slide\" aria-label=\"1 of 4\"><figure class=\"swiper-slide-inner\"><img decoding=\"async\" class=\"swiper-slide-image\" src=\"https:\/\/domekjurgow406.pl\/wp-content\/uploads\/2023\/08\/8-1020x600.jpg\" alt=\"8\" \/><\/figure><\/div><div class=\"swiper-slide\" role=\"group\" aria-roledescription=\"slide\" aria-label=\"2 of 4\"><figure class=\"swiper-slide-inner\"><img decoding=\"async\" class=\"swiper-slide-image\" src=\"https:\/\/domekjurgow406.pl\/wp-content\/uploads\/2023\/08\/Domek-108-1020x600.jpg\" alt=\"Domek-108\" \/><\/figure><\/div><div class=\"swiper-slide\" role=\"group\" aria-roledescription=\"slide\" aria-label=\"3 of 4\"><figure class=\"swiper-slide-inner\"><img decoding=\"async\" class=\"swiper-slide-image\" src=\"https:\/\/domekjurgow406.pl\/wp-content\/uploads\/2023\/08\/Domek-107-1020x600.jpg\" alt=\"Domek-107\" \/><\/figure><\/div><div class=\"swiper-slide\" role=\"group\" aria-roledescription=\"slide\" aria-label=\"4 of 4\"><figure class=\"swiper-slide-inner\"><img decoding=\"async\" class=\"swiper-slide-image\" src=\"https:\/\/domekjurgow406.pl\/wp-content\/uploads\/2023\/08\/12-1020x600.jpg\" alt=\"12\" \/><\/figure><\/div>\t\t\t<\/div>\n\t\t\t\t\t\t\t\t\t\t\t\t<div class=\"elementor-swiper-button elementor-swiper-button-prev\" role=\"button\" tabindex=\"0\">\n\t\t\t\t\t\t<i aria-hidden=\"true\" class=\"eicon-chevron-left\"><\/i>\t\t\t\t\t<\/div>\n\t\t\t\t\t<div class=\"elementor-swiper-button elementor-swiper-button-next\" role=\"button\" tabindex=\"0\">\n\t\t\t\t\t\t<i aria-hidden=\"true\" class=\"eicon-chevron-right\"><\/i>\t\t\t\t\t<\/div>\n\t\t\t\t\n\t\t\t\t\t\t\t\t\t<div class=\"swiper-pagination\"><\/div>\n\t\t\t\t\t\t\t\t\t<\/div>\n\t\t\t\t<\/div>\n\t\t\t\t<\/div>\n\t\t\t\t\t<\/div>\n\t\t<\/div>\n\t\t\t\t\t\t\t<\/div>\n\t\t<\/section>\n\t\t\t\t<section class=\"elementor-section elementor-top-section elementor-element elementor-element-c45a74a elementor-section-boxed elementor-section-height-default elementor-section-height-default\" data-id=\"c45a74a\" data-element_type=\"section\">\n\t\t\t\t\t\t<div class=\"elementor-container elementor-column-gap-default\">\n\t\t\t\t\t<div class=\"elementor-column elementor-col-100 elementor-top-column elementor-element elementor-element-7da54d5\" data-id=\"7da54d5\" data-element_type=\"column\">\n\t\t\t<div class=\"elementor-widget-wrap elementor-element-populated\">\n\t\t\t\t\t\t\t\t<div class=\"elementor-element elementor-element-46c2eac elementor-widget elementor-widget-html\" data-id=\"46c2eac\" data-element_type=\"widget\" data-widget_type=\"html.default\">\n\t\t\t\t<div class=\"elementor-widget-container\">\n\t\t\t<br><br><br>\t\t<\/div>\n\t\t\t\t<\/div>\n\t\t\t\t\t<\/div>\n\t\t<\/div>\n\t\t\t\t\t\t\t<\/div>\n\t\t<\/section>\n\t\t\t\t<section class=\"elementor-section elementor-top-section elementor-element elementor-element-eb89124 elementor-section-boxed elementor-section-height-default elementor-section-height-default\" data-id=\"eb89124\" data-element_type=\"section\">\n\t\t\t\t\t\t<div class=\"elementor-container elementor-column-gap-default\">\n\t\t\t\t\t<div class=\"elementor-column elementor-col-100 elementor-top-column elementor-element elementor-element-ff2f859\" data-id=\"ff2f859\" data-element_type=\"column\">\n\t\t\t<div class=\"elementor-widget-wrap elementor-element-populated\">\n\t\t\t\t\t\t\t\t<div class=\"elementor-element elementor-element-44a7150 elementor-invisible elementor-widget elementor-widget-text-editor\" data-id=\"44a7150\" data-element_type=\"widget\" data-settings=\"{&quot;_animation&quot;:&quot;fadeInLeft&quot;}\" data-widget_type=\"text-editor.default\">\n\t\t\t\t<div class=\"elementor-widget-container\">\n\t\t\t\t\t\t\t<p><strong><span style=\"font-size: x-large;\">4. Ogr\u00f3d i plac zabaw<\/span><\/strong><\/p><p>Du\u017cy ogr\u00f3d z basenem, trampolin\u0105 i placem zabaw dla dzieci to idealne miejsce, kt\u00f3re \u0142\u0105czy w sobie relaksuj\u0105ce otoczenie i radosn\u0105 atmosfer\u0119 dla najm\u0142odszych.<\/p>\t\t\t\t\t\t<\/div>\n\t\t\t\t<\/div>\n\t\t\t\t<div class=\"elementor-element elementor-element-4df53b8 elementor-invisible elementor-widget elementor-widget-image\" data-id=\"4df53b8\" data-element_type=\"widget\" data-settings=\"{&quot;_animation&quot;:&quot;fadeInLeft&quot;}\" data-widget_type=\"image.default\">\n\t\t\t\t<div class=\"elementor-widget-container\">\n\t\t\t<style>\/*! elementor - v3.15.0 - 20-08-2023 *\/\n.elementor-widget-image{text-align:center}.elementor-widget-image a{display:inline-block}.elementor-widget-image a img[src$=\".svg\"]{width:48px}.elementor-widget-image img{vertical-align:middle;display:inline-block}<\/style>\t\t\t\t\t\t\t\t\t\t\t\t<img loading=\"lazy\" decoding=\"async\" width=\"1410\" height=\"600\" src=\"https:\/\/domekjurgow406.pl\/wp-content\/uploads\/2023\/08\/10-scaled-e1692213009677-1410x600.jpg\" class=\"attachment-blossom-feminine-featured size-blossom-feminine-featured wp-image-386\" alt=\"\" srcset=\"https:\/\/domekjurgow406.pl\/wp-content\/uploads\/2023\/08\/10-scaled-e1692213009677-1410x600.jpg 1410w, https:\/\/domekjurgow406.pl\/wp-content\/uploads\/2023\/08\/10-scaled-e1692213009677-300x128.jpg 300w, https:\/\/domekjurgow406.pl\/wp-content\/uploads\/2023\/08\/10-scaled-e1692213009677-1024x437.jpg 1024w, https:\/\/domekjurgow406.pl\/wp-content\/uploads\/2023\/08\/10-scaled-e1692213009677-768x328.jpg 768w, https:\/\/domekjurgow406.pl\/wp-content\/uploads\/2023\/08\/10-scaled-e1692213009677-1536x655.jpg 1536w, https:\/\/domekjurgow406.pl\/wp-content\/uploads\/2023\/08\/10-scaled-e1692213009677-141x60.jpg 141w\" sizes=\"auto, (max-width: 1410px) 100vw, 1410px\" \/>\t\t\t\t\t\t\t\t\t\t\t\t\t\t\t<\/div>\n\t\t\t\t<\/div>\n\t\t\t\t\t<\/div>\n\t\t<\/div>\n\t\t\t\t\t\t\t<\/div>\n\t\t<\/section>\n\t\t\t\t\t\t\t<\/div>\n\t\t","protected":false},"excerpt":{"rendered":"<p>1. Ruska bania &nbsp;&#8222;Bania&#8221; to rosyjskie s\u0142owo oznaczaj\u0105ce \u0142a\u017ani\u0119 lub saun\u0119. W Rosji kultura bania ma g\u0142\u0119bokie korzenie i stanowi wa\u017cny element \u017cycia codziennego oraz tradycji. Wn\u0119trze bani jest zazwyczaj wykonane z drewna, co tworzy przytuln\u0105 i naturaln\u0105 atmosfer\u0119.&nbsp; Po serii sesji w bani, ludzie zazwyczaj odpoczywaj\u0105 na \u015bwie\u017cym powietrzu lub w specjalnej cz\u0119\u015bci bani. &hellip; <\/p>\n","protected":false},"author":1,"featured_media":0,"parent":0,"menu_order":0,"comment_status":"closed","ping_status":"closed","template":"","meta":{"footnotes":""},"class_list":["post-329","page","type-page","status-publish","hentry"],"_links":{"self":[{"href":"https:\/\/domekjurgow406.pl\/index.php\/wp-json\/wp\/v2\/pages\/329","targetHints":{"allow":["GET"]}}],"collection":[{"href":"https:\/\/domekjurgow406.pl\/index.php\/wp-json\/wp\/v2\/pages"}],"about":[{"href":"https:\/\/domekjurgow406.pl\/index.php\/wp-json\/wp\/v2\/types\/page"}],"author":[{"embeddable":true,"href":"https:\/\/domekjurgow406.pl\/index.php\/wp-json\/wp\/v2\/users\/1"}],"replies":[{"embeddable":true,"href":"https:\/\/domekjurgow406.pl\/index.php\/wp-json\/wp\/v2\/comments?post=329"}],"version-history":[{"count":65,"href":"https:\/\/domekjurgow406.pl\/index.php\/wp-json\/wp\/v2\/pages\/329\/revisions"}],"predecessor-version":[{"id":537,"href":"https:\/\/domekjurgow406.pl\/index.php\/wp-json\/wp\/v2\/pages\/329\/revisions\/537"}],"wp:attachment":[{"href":"https:\/\/domekjurgow406.pl\/index.php\/wp-json\/wp\/v2\/media?parent=329"}],"curies":[{"name":"wp","href":"https:\/\/api.w.org\/{rel}","templated":true}]}}